{"id":26,"date":"2021-11-12T10:28:45","date_gmt":"2021-11-12T09:28:45","guid":{"rendered":"https:\/\/ksim.sbp.pl\/?page_id=26"},"modified":"2021-12-06T23:08:03","modified_gmt":"2021-12-06T22:08:03","slug":"zglos-propozycje-rozdzialu","status":"publish","type":"page","link":"https:\/\/ksim.sbp.pl\/index.php\/zglos-propozycje-rozdzialu\/","title":{"rendered":"Zg\u0142o\u015b propozycj\u0119 rozdzia\u0142u"},"content":{"rendered":"\n<p>Szanowna Pani, Szanowny Panie!<\/p>\n\n\n\n<p>Dzi\u0119kujemy za okazane zainteresowanie i ch\u0119\u0107 wsp\u00f3\u0142pracy w ramach naszej serii.&nbsp;<\/p>\n\n\n\n<p>Bardzo prosimy o zapoznanie si\u0119 z <a href=\"https:\/\/ksim.sbp.pl\/wp-content\/uploads\/2021\/12\/Podstawowe-zasady-przygotowania-rozdzialu.pdf\">podstawowymi zasadami przygotowania rozdzia\u0142u<\/a>, a nast\u0119pnie wype\u0142nienie <a href=\"https:\/\/ksim.sbp.pl\/wp-content\/uploads\/2021\/12\/Formularz-zgloszeniowy.pdf\">formularza<\/a> i przes\u0142anie go na adresy mailowe sekretarz serii (ksenia.wroblewska@uw.edu.pl) oraz redaktorki\/redaktora naukowego danego tomu (adres mailowy przy <em>Call for papers<\/em>)<\/p>\n\n\n\n<p class=\"has-text-align-right\">W razie pyta\u0144 bardzo prosimy o kontakt.&nbsp;<br>dr hab. Anna Jupowicz-Ginalska, prof. UW (WDIB UW)<br>mgr Ksenia Wr\u00f3blewska (WDIB UW)<\/p>\n","protected":false},"excerpt":{"rendered":"<p>Szanowna Pani, Szanowny Panie! Dzi\u0119kujemy za okazane zainteresowanie i ch\u0119\u0107 wsp\u00f3\u0142pracy w ramach naszej serii.&nbsp; Bardzo prosimy o zapoznanie si\u0119 z podstawowymi zasadami przygotowania rozdzia\u0142u, a nast\u0119pnie wype\u0142nienie formularza i przes\u0142anie go na adresy mailowe sekretarz serii (ksenia.wroblewska@uw.edu.pl) oraz redaktorki\/redaktora naukowego danego tomu (adres mailowy przy Call for papers) W razie pyta\u0144 bardzo prosimy o &hellip; <\/p>\n<p class=\"link-more\"><a href=\"https:\/\/ksim.sbp.pl\/index.php\/zglos-propozycje-rozdzialu\/\" class=\"more-link\">Czytaj dalej<span class=\"screen-reader-text\"> Zg\u0142o\u015b propozycj\u0119 rozdzia\u0142u<\/span><\/a><\/p>\n","protected":false},"author":2,"featured_media":0,"parent":0,"menu_order":0,"comment_status":"closed","ping_status":"closed","template":"","meta":{"footnotes":""},"class_list":["post-26","page","type-page","status-publish","hentry"],"_links":{"self":[{"href":"https:\/\/ksim.sbp.pl\/index.php\/wp-json\/wp\/v2\/pages\/26","targetHints":{"allow":["GET"]}}],"collection":[{"href":"https:\/\/ksim.sbp.pl\/index.php\/wp-json\/wp\/v2\/pages"}],"about":[{"href":"https:\/\/ksim.sbp.pl\/index.php\/wp-json\/wp\/v2\/types\/page"}],"author":[{"embeddable":true,"href":"https:\/\/ksim.sbp.pl\/index.php\/wp-json\/wp\/v2\/users\/2"}],"replies":[{"embeddable":true,"href":"https:\/\/ksim.sbp.pl\/index.php\/wp-json\/wp\/v2\/comments?post=26"}],"version-history":[{"count":5,"href":"https:\/\/ksim.sbp.pl\/index.php\/wp-json\/wp\/v2\/pages\/26\/revisions"}],"predecessor-version":[{"id":399,"href":"https:\/\/ksim.sbp.pl\/index.php\/wp-json\/wp\/v2\/pages\/26\/revisions\/399"}],"wp:attachment":[{"href":"https:\/\/ksim.sbp.pl\/index.php\/wp-json\/wp\/v2\/media?parent=26"}],"curies":[{"name":"wp","href":"https:\/\/api.w.org\/{rel}","templated":true}]}}