{"id":351,"date":"2021-12-06T22:29:53","date_gmt":"2021-12-06T21:29:53","guid":{"rendered":"https:\/\/ksim.sbp.pl\/?page_id=351"},"modified":"2021-12-06T22:29:54","modified_gmt":"2021-12-06T21:29:54","slug":"tom-i-wplyw-pierwszego-etapu-pandemii-na-instytucje-i-osoby-zawodowo-zwiazane-z-kultura-obraz-medialny-wedlug-wybranych-tygodnikow-opinii","status":"publish","type":"page","link":"https:\/\/ksim.sbp.pl\/index.php\/tom-i-wplyw-pierwszego-etapu-pandemii-na-instytucje-i-osoby-zawodowo-zwiazane-z-kultura-obraz-medialny-wedlug-wybranych-tygodnikow-opinii\/","title":{"rendered":"Tom I. Wp\u0142yw pierwszego etapu pandemii na instytucje i osoby zawodowo zwi\u0105zane z kultur\u0105. Obraz medialny wed\u0142ug wybranych tygodnik\u00f3w opinii"},"content":{"rendered":"\n<p>Celem badania jest przedstawienie dyskursu medialnego w wybranych tygodnikach opinii, dotycz\u0105cego wp\u0142ywu pandemii na sektor kultury. G\u0142\u00f3wn\u0105 zastosowan\u0105 metod\u0105 badawcz\u0105 jest analiza tre\u015bci czterech tygodnik\u00f3w: <em>Polityka<\/em>, <em>Go\u015b\u0107 Niedzielny<\/em>, <em>Newsweek Polska<\/em>, <em>Sieci <\/em>za okres 20 marca \u2013 30 czerwca 2020 r. Najwa\u017cniejsze wnioski: wp\u0142yw pandemii na sektory kultury (przede wszystkim film, kinematografi\u0119 i teatr) jest opisywany g\u0142\u00f3wnie przez pryzmat problem\u00f3w finansowych i braku pracy oraz przeniesienia dzia\u0142alno\u015bci do sfery wirtualnej. Wyst\u0119puj\u0105 r\u00f3\u017cnice w sposobie narracji mi\u0119dzy tygodnikami prawicowymi i liberalnymi. Badanie poszerza wiedz\u0119 na temat sposob\u00f3w reagowania wybranych tytu\u0142\u00f3w na kryzys spo\u0142eczny.<\/p>\n\n\n\n<p><strong>S\u0142owa kluczowe:<\/strong><\/p>\n\n\n\n<p>instytucje kultury, kultura, pandemia, SARS-CoV-2, tygodniki opinii<\/p>\n","protected":false},"excerpt":{"rendered":"<p>Celem badania jest przedstawienie dyskursu medialnego w wybranych tygodnikach opinii, dotycz\u0105cego wp\u0142ywu pandemii na sektor kultury. G\u0142\u00f3wn\u0105 zastosowan\u0105 metod\u0105 badawcz\u0105 jest analiza tre\u015bci czterech tygodnik\u00f3w: Polityka, Go\u015b\u0107 Niedzielny, Newsweek Polska, Sieci za okres 20 marca \u2013 30 czerwca 2020 r. Najwa\u017cniejsze wnioski: wp\u0142yw pandemii na sektory kultury (przede wszystkim film, kinematografi\u0119 i teatr) jest opisywany &hellip; <\/p>\n<p class=\"link-more\"><a href=\"https:\/\/ksim.sbp.pl\/index.php\/tom-i-wplyw-pierwszego-etapu-pandemii-na-instytucje-i-osoby-zawodowo-zwiazane-z-kultura-obraz-medialny-wedlug-wybranych-tygodnikow-opinii\/\" class=\"more-link\">Czytaj dalej<span class=\"screen-reader-text\"> Tom I. Wp\u0142yw pierwszego etapu pandemii na instytucje i osoby zawodowo zwi\u0105zane z kultur\u0105. Obraz medialny wed\u0142ug wybranych tygodnik\u00f3w opinii<\/span><\/a><\/p>\n","protected":false},"author":2,"featured_media":0,"parent":0,"menu_order":0,"comment_status":"closed","ping_status":"closed","template":"","meta":{"footnotes":""},"class_list":["post-351","page","type-page","status-publish","hentry"],"_links":{"self":[{"href":"https:\/\/ksim.sbp.pl\/index.php\/wp-json\/wp\/v2\/pages\/351","targetHints":{"allow":["GET"]}}],"collection":[{"href":"https:\/\/ksim.sbp.pl\/index.php\/wp-json\/wp\/v2\/pages"}],"about":[{"href":"https:\/\/ksim.sbp.pl\/index.php\/wp-json\/wp\/v2\/types\/page"}],"author":[{"embeddable":true,"href":"https:\/\/ksim.sbp.pl\/index.php\/wp-json\/wp\/v2\/users\/2"}],"replies":[{"embeddable":true,"href":"https:\/\/ksim.sbp.pl\/index.php\/wp-json\/wp\/v2\/comments?post=351"}],"version-history":[{"count":1,"href":"https:\/\/ksim.sbp.pl\/index.php\/wp-json\/wp\/v2\/pages\/351\/revisions"}],"predecessor-version":[{"id":353,"href":"https:\/\/ksim.sbp.pl\/index.php\/wp-json\/wp\/v2\/pages\/351\/revisions\/353"}],"wp:attachment":[{"href":"https:\/\/ksim.sbp.pl\/index.php\/wp-json\/wp\/v2\/media?parent=351"}],"curies":[{"name":"wp","href":"https:\/\/api.w.org\/{rel}","templated":true}]}}