{"id":405,"date":"2021-12-06T23:14:53","date_gmt":"2021-12-06T22:14:53","guid":{"rendered":"https:\/\/ksim.sbp.pl\/?page_id=405"},"modified":"2022-04-27T10:14:50","modified_gmt":"2022-04-27T08:14:50","slug":"aktualne-cfp-ii-tom-wizualna-propaganda","status":"publish","type":"page","link":"https:\/\/ksim.sbp.pl\/index.php\/aktualne-cfp-ii-tom-wizualna-propaganda\/","title":{"rendered":"Aktualne CfP: II tom &#8222;Wizualna propaganda&#8221;"},"content":{"rendered":"\n<p>Wydzia\u0142 Dziennikarstwa, Informacji i Bibliologii UW&nbsp;<br>Wydawnictwo Naukowe i Edukacyjne SBP&nbsp;<br>dr hab. Anna Jupowicz-Ginalska, prof. UW (redaktor naczelna)&nbsp;<br>serdecznie zapraszaj\u0105 Autorki, Autor\u00f3w i Zespo\u0142y Autorskie do nadsy\u0142ania rozdzia\u0142\u00f3w do II tomu serii pt. \u201eKomunikacja spo\u0142eczne i media: teoria, metodologia, praktyka\u201d.&nbsp;<\/p>\n\n\n\n<p><strong>Temat II tomu: \u201e<\/strong>Wizualna propaganda \u2013 obszary zastosowania i mechanizmy wp\u0142ywu\u201d&nbsp;<br><strong>Redakcja naukowa: <\/strong>dr \u0141ukasz Szurmi\u0144ski (WDIB UW)&nbsp;<br>dr Alicja Waszkiewicz-Raviv (WDIB UW)&nbsp;<\/p>\n\n\n\n<div class=\"wp-block-buttons is-horizontal is-content-justification-center is-layout-flex wp-container-core-buttons-is-layout-499968f5 wp-block-buttons-is-layout-flex\">\n<div class=\"wp-block-button\"><a class=\"wp-block-button__link has-background\" href=\"zglos-propozycje-rozdzialu\" style=\"background-color:#a10606\">Zg\u0142o\u015b rozdzia\u0142<\/a><\/div>\n\n\n\n<div class=\"wp-block-button is-style-fill\"><a class=\"wp-block-button__link has-background\" href=\"informacje-dla-autorow\" style=\"background-color:#a10606\">Informacje dla autor\u00f3w<\/a><\/div>\n\n\n\n<div class=\"wp-block-button is-style-fill\"><a class=\"wp-block-button__link has-background\" href=\"https:\/\/ksim.sbp.pl\/wp-content\/uploads\/2021\/12\/CFP-II-tom_Wizualna-propaganda-1.pdf\" style=\"background-color:#a10606\">Pobierz CfP<\/a><\/div>\n<\/div>\n\n\n\n<hr class=\"wp-block-separator has-text-color has-background has-white-background-color has-white-color\"\/>\n\n\n\n<p><strong>Opis\u00a0:<\/strong><\/p>\n\n\n\n<p>Od wiosny tego roku wiele zmieni\u0142o si\u0119 w podej\u015bciu i \u015bwiadomo\u015bci mechanizm\u00f3w propagandowych w\u015br\u00f3d odbiorc\u00f3w medi\u00f3w. Widmo nowego konfliktu zbrojnego w ca\u0142ej Europie, \u201ewalka z dezinformacj\u0105\u201d i \u201ewojna informacyjna\u201d nie schodz\u0105 z czo\u0142\u00f3wek polskich medi\u00f3w. Temat propagandy wizualnej jest niezwykle aktualny.<\/p>\n\n\n\n<p>Z wielu opracowa\u0144 przedstawicieli cz\u0119sto odmiennych nauk (w szczeg\u00f3lno\u015bci historii sztuki, socjologii, psychologii, antropologii, ekonomii) wyp\u0142ywa wniosek o prymacie wizualno\u015bci w\u015br\u00f3d licznych zjawisk wsp\u00f3\u0142czesnej kultury. Medioznawstwo, gdzie prywat wiod\u0142y przez lata analizy j\u0119zykowe, tak\u017ce coraz cz\u0119\u015bciej sk\u0142ania si\u0119 ku modalno\u015bci wzrokowej w analizach komunikacji. Czasy medialnej kultury wizualnej stwarzaj\u0105 dzi\u015b przestrze\u0144 do intensyfikacji komunikacji uprawianej za pomoc\u0105 obraz\u00f3w. Czynniki technologiczne (digitalizacja i algorytmizacja medi\u00f3w) oraz ekonomiczne (marketing zmys\u0142\u00f3w) tworz\u0105 zasi\u0119gi i uwarunkowania dla si\u0142y medi\u00f3w wizualnych. Przekazy piktorialne s\u0105 czym\u015b znacznie wi\u0119cej ni\u017c zwyk\u0142ymi \u201eprzedstawieniami\u201d, odwzorowaniem rzeczywisto\u015bci. W opublikowanych ju\u017c w latach 90. ksi\u0105\u017ckach W.J.T. Mitchell apeluje o zerwanie z j\u0119zykoznawczym imperializmem. Autor tak opisywa\u0142 zjawisko tzw. \u201ezwrotu ikonicznego\u201d: \u201eCzymkolwiek mia\u0142by by\u0107 zwrot piktorialny, powinno by\u0107 jasne, \u017ce nie jest on powrotem do naiwnej mimesis, kopi\u0105 lub odpowiednikiem teorii reprezentacji czy odnowieniem metafizyki piktorialnej \u00abobecno\u015bci\u00bb. Jest raczej postlingwistycznym i postsemiotycznym ponownym odkryciem obrazu jako z\u0142o\u017conej gry pomi\u0119dzy wizualno\u015bci\u0105, zmys\u0142ami, instytucjami, dyskursem, cia\u0142em i figuratywno\u015bci\u0105\u201d (Mitchell, 2009, s. 7-8). Naukowcy nie tylko postrzegaj\u0105 \u201ewizualizacje\u201d, jako jawne lub ukryte odzwierciedlenie struktury lub zachowania spo\u0142ecznego, ale tak\u017ce pr\u00f3buj\u0105 opracowa\u0107 j\u0119zyk ontologiczny i epistemologiczny oraz wytyczne metodologiczne do studi\u00f3w sfery wizualnej medi\u00f3w XXI wieku.&nbsp;<\/p>\n\n\n\n<p>Z jednej strony nasycona i bogata ikonosfera dostarcza wielowymiarowego materia\u0142u do bada\u0144, z drugiej rozchwianie kategorii oceny utrudnia jednoznaczne kategoryzacje przekaz\u00f3w wizualnych i d\u0142ugoterminowa eksploracje ich efekt\u00f3w. Obserwujemy polaryzacj\u0119 \u017cycia spo\u0142ecznego, chaos informacyjny i destabilizacj\u0119 kryteri\u00f3w prawdy, na kt\u00f3re to zjawiska warto na\u0142o\u017cy\u0107 filtr wizualny, aby zrozumie\u0107 si\u0142\u0119 obraz\u00f3w w przestrzeni spo\u0142ecznej, a dok\u0142adnie w obszarze produkcji i recepcji medi\u00f3w. Dystynktywno\u015b\u0107 przekaz\u00f3w wizualnych mo\u017ce by\u0107 u\u017cyte do wp\u0142ywania na emocje, procesy poznawcze oraz zachowania odbiorc\u00f3w medi\u00f3w.<\/p>\n\n\n\n<p>Komunikaty wizualne mog\u0105 s\u0142u\u017cy\u0107 celom propagandowych i w\u0142a\u015bnie tym zjawiskom po\u015bwi\u0119cony jest niniejszy tom. Propaganda modyfikuje, utrwala, os\u0142abia postawy, agituje, manipuluje, stymuluje publiczno\u015bci. XX wiek wraz z rozwojem medi\u00f3w masowych przeni\u00f3s\u0142 narz\u0119dzia propagandy w nowy wymiar, gdy\u017c zwi\u0119kszy\u0142 zasi\u0119gi, zintensyfikowa\u0142 wp\u0142ywy, poszerzy\u0142 \u015brodki wizualne. \u015awiatowe re\u017cimy, ale tak\u017ce kraje demokratyczne wykorzystywa\u0142y i nadal wykorzystuj\u0105 czarn\u0105, bia\u0142\u0105 i szara propagand\u0119, inicjuj\u0105c psychologiczn\u0105 wojn\u0119 na warto\u015bci, a raczej na \u2026 obrazy warto\u015bci. Dzi\u015b nie plakaty, a cyfrowe fake newsy masowo wytwarzane przez boty walcz\u0105 o prywat w \u015bwiadomo\u015bci odbiorc\u00f3w.&nbsp;<\/p>\n\n\n\n<p>Szerzenie nieprawdziwych informacji wytwarza alternatywne wersje rzeczywisto\u015bci spo\u0142ecznej, kt\u00f3rej akceptowalno\u015b\u0107 zdeterminowana jest przez konwencje kulturowe ikonosfery, a nie przez empiryczn\u0105 weryfikacj\u0119 czy spe\u0142nienie wymog\u00f3w logicznych. Niniejszy tom zach\u0119ca do refleksji badawczej w obszarze propagandy wizualnej. Bierzemy pod uwag\u0119 bie\u017c\u0105ce wydarzenia geopolityczne.\u00a0<\/p>\n\n\n\n<ul class=\"wp-block-list\"><li>Jak kontekst wojny w Ukrainie wp\u0142ywa na renesans plakat\u00f3w propagandowych, szerzenie rysunk\u00f3w satyrycznych, mem\u00f3w?<\/li><li>Jak przedstawiane s\u0105 w\u0105tki militarne na TikToku przez r\u00f3\u017cne strony konfliktu?<\/li><li>Jak opisa\u0107 mechanizmami wp\u0142ywu spo\u0142ecznego intensyfikowane przy pomocy medi\u00f3w wizualnych?<\/li><li>Jakie modele pozwalaj\u0105 opisa\u0107 wsp\u00f3\u0142czesne zjawiska propagandy wizualnej, zw\u0142aszcza tej stosowanej w nowych mediach, zar\u00f3wno w kontekstach politycznych, jak i ekonomicznych?<\/li><li>Kto ponosi odpowiedzialno\u015b\u0107 za zafa\u0142szowane wizerunki kr\u0105\u017c\u0105ce w mediasferze?<\/li><li>Jak rozstrzyga\u0107 dylematy etyczne zwi\u0105zane z wizualn\u0105 propagand\u0105? Czym jest dzisiaj manipulacja obrazami stosowana przez graczy rynkowych i politycznych?\u00a0<\/li><li>Jak rozwija\u0107 kompetencje medialne, aby wspiera\u0107 mechanizmy obrony przed perswazj\u0105 wizualn\u0105?<\/li><\/ul>\n\n\n\n<p>Zapraszamy do nadsy\u0142ania propozycji zar\u00f3wno badaczy komunikacji wizualnej, medi\u00f3w wizualnych, specjalist\u00f3w ds. komunikacji politycznej, marketingowej, badaczy retoryki wizualnej, kultury wizualnej, psychologii medi\u00f3w.<\/p>\n\n\n\n<p>W szczeg\u00f3lnym obszarze zainteresowa\u0144 badawczych przygotowywanej publikacji znajduj\u0105 si\u0119:<\/p>\n\n\n\n<ul class=\"wp-block-list\"><li>nadawcy medialni \u2013 polscy i zagraniczni, kt\u00f3rych opis wraz z narz\u0119dziami wp\u0142ywu pozw\u00f3l nakre\u015bli\u0107 multikulturow\u0105 perspektyw\u0119 dla zjawiska wizualnej propagandy; Aktorzy spo\u0142eczni (politycy, celebryci), ale tak\u017ce instytucje (telewizja, radio, organizacje komercyjne) stosuj\u0105 dzi\u015b narz\u0119dzia wizualnej propagandy.<\/li><li>odbiorcy medialni \u2013 w r\u00f3\u017cnym wieku i korzystaj\u0105cy z medi\u00f3w wizualnych (zw\u0142aszcza Instagrama czy TikToka); Mile widziane s\u0105 studia nad recepcj\u0105 zmanipulowanych obraz\u00f3w przez dzieci i m\u0142odzie\u017c, ale tak\u017ce studia nad wyborcami, konsumentami. Klucz wieku, jak i roli spo\u0142ecznej pozwoli nam przyjrze\u0107 si\u0119 uwarunkowaniom proces\u00f3w wizualnej propagandy;<\/li><li>procesy perswazji wizualnej \u2013 etapy i narz\u0119dzia wp\u0142ywania na postawy oraz proponowane metody badania tych zjawisk. Zach\u0119camy do opracowa\u0144 z zakresu retoryki wizualnej, perswazji wizualnej, teorii narracji, etnografii wizualnej, semiotyki wizualnej.<\/li><\/ul>\n\n\n\n<p>Warto zaznaczy\u0107, \u017ce niniejszy tom \u2013 wpisuj\u0105c si\u0119 w koncepcj\u0119 serii \u2013 ma sk\u0142ada\u0107 si\u0119 z tekst\u00f3w prezentuj\u0105cych podej\u015bcie interdyscyplinarne, maj\u0105cych wysoki poziom teoretyczny i empiryczny, analizuj\u0105cych nie tylko stan obecny, ale i podejmuj\u0105cych pr\u00f3by oszacowania spo\u0142eczno-medialnych skutk\u00f3w propagandy wizualnej, zawieraj\u0105cych propozycje rekomendacji, zalecaj\u0105cych wzmacnianie postaw prosolidarno\u015bciowych, a niweluj\u0105cych nastawienie polaryzuj\u0105ce.&nbsp;<\/p>\n\n\n\n<p><strong>Dodatkowe uwagi:<\/strong><\/p>\n\n\n\n<ul class=\"wp-block-list\"><li>Teksty naukowe podlegaj\u0105 \u201eblind review\u201d.\u00a0<\/li><li>Po roku od wydania tomu, ca\u0142a jego zawarto\u015b\u0107 zyskuje format <em>open acces.<\/em><\/li><li>Wydawnictwo SBP znajduje si\u0119 na li\u015bcie ministerialnej (I poziom).<\/li><\/ul>\n\n\n\n<p><\/p>\n\n\n\n<p><strong>Orientacyjny harmonogram prac:<\/strong><\/p>\n\n\n\n<p>Do ko\u0144ca maja 2022: nadsy\u0142anie propozycji abstrakt\u00f3w<\/p>\n\n\n\n<p>Czerwiec &#8211; wrzesie\u0144 2022: nab\u00f3r tekst\u00f3w&nbsp;<\/p>\n\n\n\n<p>Pa\u017adziernik 2022: wyb\u00f3r tekst\u00f3w do tomu<\/p>\n\n\n\n<p>listopad 2022:  recenzje naukowe<\/p>\n\n\n\n<p>grudzie\u0144 2022: redakcja j\u0119zykowa poprawki Autor\u00f3w, sk\u0142ad\/\u0142amanie, redakcja, dwie korekty autorskie\u00a0<\/p>\n\n\n\n<p>prze\u0142om 2022\/2023: publikacja\u00a0<\/p>\n\n\n\n<p><\/p>\n\n\n\n<p><strong>KONTAKT:<\/strong><\/p>\n\n\n\n<p><strong>Nadsy\u0142anie abstrakt\u00f3w na adres redaktor\u00f3w tomu:<\/strong><\/p>\n\n\n\n<p><a href=\"mailto:alicja.waszkiewicz@uw.edu.pl\"><strong>alicja.waszkiewicz@uw.edu.pl<\/strong><\/a><\/p>\n\n\n\n<p><a href=\"mailto:l.szurminski@uw.edu.pl\"><strong>l.szurminski@uw.edu.pl<\/strong><\/a><\/p>\n\n\n\n<p><strong>Termin nadsy\u0142ania abstrakt\u00f3w do ko\u0144ca maja 2022.<\/strong><\/p>\n","protected":false},"excerpt":{"rendered":"<p>Wydzia\u0142 Dziennikarstwa, Informacji i Bibliologii UW&nbsp;Wydawnictwo Naukowe i Edukacyjne SBP&nbsp;dr hab. Anna Jupowicz-Ginalska, prof. UW (redaktor naczelna)&nbsp;serdecznie zapraszaj\u0105 Autorki, Autor\u00f3w i Zespo\u0142y Autorskie do nadsy\u0142ania rozdzia\u0142\u00f3w do II tomu serii pt. \u201eKomunikacja spo\u0142eczne i media: teoria, metodologia, praktyka\u201d.&nbsp; Temat II tomu: \u201eWizualna propaganda \u2013 obszary zastosowania i mechanizmy wp\u0142ywu\u201d&nbsp;Redakcja naukowa: dr \u0141ukasz Szurmi\u0144ski (WDIB UW)&nbsp;dr &hellip; <\/p>\n<p class=\"link-more\"><a href=\"https:\/\/ksim.sbp.pl\/index.php\/aktualne-cfp-ii-tom-wizualna-propaganda\/\" class=\"more-link\">Czytaj dalej<span class=\"screen-reader-text\"> Aktualne CfP: II tom &#8222;Wizualna propaganda&#8221;<\/span><\/a><\/p>\n","protected":false},"author":2,"featured_media":0,"parent":0,"menu_order":0,"comment_status":"closed","ping_status":"closed","template":"","meta":{"footnotes":""},"class_list":["post-405","page","type-page","status-publish","hentry"],"_links":{"self":[{"href":"https:\/\/ksim.sbp.pl\/index.php\/wp-json\/wp\/v2\/pages\/405","targetHints":{"allow":["GET"]}}],"collection":[{"href":"https:\/\/ksim.sbp.pl\/index.php\/wp-json\/wp\/v2\/pages"}],"about":[{"href":"https:\/\/ksim.sbp.pl\/index.php\/wp-json\/wp\/v2\/types\/page"}],"author":[{"embeddable":true,"href":"https:\/\/ksim.sbp.pl\/index.php\/wp-json\/wp\/v2\/users\/2"}],"replies":[{"embeddable":true,"href":"https:\/\/ksim.sbp.pl\/index.php\/wp-json\/wp\/v2\/comments?post=405"}],"version-history":[{"count":18,"href":"https:\/\/ksim.sbp.pl\/index.php\/wp-json\/wp\/v2\/pages\/405\/revisions"}],"predecessor-version":[{"id":544,"href":"https:\/\/ksim.sbp.pl\/index.php\/wp-json\/wp\/v2\/pages\/405\/revisions\/544"}],"wp:attachment":[{"href":"https:\/\/ksim.sbp.pl\/index.php\/wp-json\/wp\/v2\/media?parent=405"}],"curies":[{"name":"wp","href":"https:\/\/api.w.org\/{rel}","templated":true}]}}