{"id":6,"date":"2021-11-12T10:25:29","date_gmt":"2021-11-12T09:25:29","guid":{"rendered":"https:\/\/ksim.sbp.pl\/?page_id=6"},"modified":"2021-12-06T23:28:48","modified_gmt":"2021-12-06T22:28:48","slug":"tom-i","status":"publish","type":"page","link":"https:\/\/ksim.sbp.pl\/index.php\/tom-i\/","title":{"rendered":"Tom I. Medialno-spo\u0142eczny obraz COVID-19"},"content":{"rendered":"\n<div class=\"wp-block-buttons is-content-justification-space-between is-layout-flex wp-block-buttons-is-layout-flex\">\n<div class=\"wp-block-button\"><a class=\"wp-block-button__link has-background\" href=\"https:\/\/ksim.sbp.pl\/wp-content\/uploads\/2021\/12\/Obraz_covid_okladka_druk-scaled.jpg\" style=\"background-color:#a10606\">Ok\u0142adka<\/a><\/div>\n\n\n\n<div class=\"wp-block-button\"><a class=\"wp-block-button__link has-background\" href=\"https:\/\/ksim.sbp.pl\/wp-content\/uploads\/2021\/12\/spis_pol-1.pdf\" style=\"background-color:#a10606\">Spis tre\u015bci<\/a><\/div>\n\n\n\n<div class=\"wp-block-button\"><a class=\"wp-block-button__link has-background\" href=\"https:\/\/ksim.sbp.pl\/wp-content\/uploads\/2021\/12\/Wste\u0328p.pdf\" style=\"background-color:#a10606\">Wst\u0119p<\/a><\/div>\n\n\n\n<div class=\"wp-block-button\"><a class=\"wp-block-button__link has-background\" href=\"https:\/\/ksim.sbp.pl\/index.php\/tom-i-autorzy\/\" style=\"background-color:#a10606\">Autorzy i abstrakty<\/a><\/div>\n\n\n\n<div class=\"wp-block-button\"><a class=\"wp-block-button__link has-background\" href=\"https:\/\/ksim.sbp.pl\/wp-content\/uploads\/2021\/12\/Obraz_covid_okladka_tyl-scaled.jpg\" style=\"background-color:#a10606\">Z recenzji<\/a><\/div>\n<\/div>\n\n\n\n<p><\/p>\n\n\n\n<p>Szanowni Pa\u0144stwo, Drodzy Czytelnicy!<\/p>\n\n\n\n<p>Gdyby na pocz\u0105tku 2020 roku kto\u015b pr\u00f3bowa\u0142 przekona\u0107 nas do innej-nowej wizji \u015bwiata, z pewno\u015bci\u0105 spotka\u0142by si\u0119 z niezrozumieniem. Gdyby\u015bmy us\u0142yszeli, \u017ce w kilka dni zmienimy spos\u00f3b prywatnego i zawodowego funkcjonowania, spotkanie z drugim cz\u0142owiekiem b\u0119dzie opatrzone my\u015bl\u0105 \u201euwa\u017caj\u201d, a wyj\u015bcie do parku stanie si\u0119 namiastk\u0105 dawnego \u017cycia z poczuciem dobrze znanej wolno\u015bci, nie uwierzyliby\u015bmy.&nbsp;<\/p>\n\n\n\n<p>Ale sta\u0142o si\u0119. Wirus pokaza\u0142 dynamik\u0119 otoczenia, zredefiniowa\u0142 poj\u0119cia bezpiecze\u0144stwa i stabilizacji. Spowodowa\u0142 tak\u017ce, \u017ce relacje spo\u0142eczne, kt\u00f3re ju\u017c wcze\u015bniej \u2013 poprzez zmian\u0119 przestrzeni medialnej \u2013 uleg\u0142y rekonfiguracji, mog\u0142y by\u0107 jeszcze bardziej przekszta\u0142cane.&nbsp;<\/p>\n\n\n\n<p>Przekle\u0144stwo \u201eoby\u015b \u017cy\u0142 w ciekawych czasach\u201d sta\u0142o si\u0119 faktem.<\/p>\n\n\n\n<p>Dla badaczy, obserwator\u00f3w, analityk\u00f3w to czas szczeg\u00f3lny. W pierwszych momentach \u201enowych reali\u00f3w\u201d starali\u015bmy si\u0119 zbiera\u0107 dane, maj\u0105c nadziej\u0119, \u017ce wkr\u00f3tce wr\u00f3cimy do znanej rzeczywisto\u015bci i przedstawimy wnioski z analiz. Ale okaza\u0142o si\u0119, \u017ce \u201eczasy ciekawe\u201d staj\u0105 si\u0119 \u201eciekawsze\u201d i po pierwszej fali pandemii mamy drug\u0105, trzeci\u0105, czwart\u0105.<\/p>\n\n\n\n<p>Tom inauguruj\u0105cy seri\u0119, zatytu\u0142owany \u201eMedialno-spo\u0142eczny obraz COVID-19: solidarno\u015b\u0107 czy polaryzacja \u2013 podsumowanie, diagnoza, rekomendacje\u201d to pr\u00f3ba spi\u0119cia klamr\u0105 pandemicznego okresu. Poprosili\u015bmy grono dojrza\u0142ych i m\u0142odych badaczy, aby podzielili si\u0119 z nami swoimi obserwacjami. W efekcie otrzymali\u015bmy bogaty materia\u0142, dotykaj\u0105cy pandemii w r\u00f3\u017cnych uj\u0119ciach.<\/p>\n\n\n\n<p>Szczeg\u00f3lnie zainteresowa\u0142y nas kwestie:<\/p>\n\n\n\n<ul class=\"wp-block-list\"><li>sk\u0142onno\u015bci do pomagania w czasach pandemii,<\/li><li>sposobu prezentowania informacji o rozprzestrzenianiu si\u0119 pandemii,<\/li><li>reakcji spo\u0142ecznych na rz\u0105dow\u0105 kampani\u0119 #SzczepimySi\u0119,<\/li><li>znaczenia i funkcji fotografii w kontek\u015bcie relacji medialnej czas\u00f3w pandemii,<\/li><li>medialnego obrazu&nbsp; wp\u0142ywu pandemii na sfer\u0119 instytucji kultury,<\/li><li>obrazu profesjonalizmu bran\u017cy PR, tak zadaniowo istotnej w czasach pandemicznych.<\/li><\/ul>\n\n\n\n<p>Pierwszy tom zamykamy dwoma wywiadami ujmuj\u0105cymi media i komunikacj\u0119 spo\u0142eczn\u0105 w dw\u00f3ch perspektywach \u2013 naukowej i praktycznej.&nbsp;<\/p>\n\n\n\n<p>Zapraszamy do lektury i dyskusji, prosimy o uwagi. Mamy nadziej\u0119, \u017ce pierwszy tom pandemicznego chwytania nowej rzeczywisto\u015bci dostarczy inspiracji, refleksji, a mo\u017ce te\u017c stanie si\u0119 przyczynkiem do kolejnych inicjatyw.<\/p>\n\n\n\n<p class=\"has-text-align-right\"><strong>dr hab. Monika Kaczmarek-\u015aliwi\u0144ska<br>Redaktor naukowa I tomu<\/strong><\/p>\n\n\n\n<hr class=\"wp-block-separator\"\/>\n\n\n\n<div class=\"wp-block-media-text alignwide is-stacked-on-mobile is-vertically-aligned-top\" style=\"grid-template-columns:22% auto\"><figure class=\"wp-block-media-text__media\"><img loading=\"lazy\" decoding=\"async\" width=\"643\" height=\"1024\" src=\"https:\/\/ksim.sbp.pl\/wp-content\/uploads\/2021\/11\/MonikaKaczmarek-S\u0301liwin\u0301ska-ZFPR-1-12-2020-643x1024.jpg\" alt=\"\" class=\"wp-image-115 size-full\" srcset=\"https:\/\/ksim.sbp.pl\/wp-content\/uploads\/2021\/11\/MonikaKaczmarek-S\u0301liwin\u0301ska-ZFPR-1-12-2020-643x1024.jpg 643w, https:\/\/ksim.sbp.pl\/wp-content\/uploads\/2021\/11\/MonikaKaczmarek-S\u0301liwin\u0301ska-ZFPR-1-12-2020-188x300.jpg 188w, https:\/\/ksim.sbp.pl\/wp-content\/uploads\/2021\/11\/MonikaKaczmarek-S\u0301liwin\u0301ska-ZFPR-1-12-2020-768x1223.jpg 768w, https:\/\/ksim.sbp.pl\/wp-content\/uploads\/2021\/11\/MonikaKaczmarek-S\u0301liwin\u0301ska-ZFPR-1-12-2020-965x1536.jpg 965w, https:\/\/ksim.sbp.pl\/wp-content\/uploads\/2021\/11\/MonikaKaczmarek-S\u0301liwin\u0301ska-ZFPR-1-12-2020-1286x2048.jpg 1286w, https:\/\/ksim.sbp.pl\/wp-content\/uploads\/2021\/11\/MonikaKaczmarek-S\u0301liwin\u0301ska-ZFPR-1-12-2020-scaled.jpg 1608w\" sizes=\"auto, (max-width: 643px) 100vw, 643px\" \/><\/figure><div class=\"wp-block-media-text__content\">\n<p style=\"font-size:15px\">dr hab. Monika Kaczmarek-\u015aliwi\u0144ska, adiunkt i pracowniczka WDIB UW. Ekspertka, doradczyni i trenerka w obszarze konstruowania strategii komunikowania si\u0119 i zarz\u0105dzania sytuacjami kryzysowymi. Autorka licznych publikacji na temat komunikowania si\u0119 organizacji i PR. Koordynatorka oraz uczestniczka krajowych i mi\u0119dzynarodowych projekt\u00f3w badawczych. Cz\u0142onkini PTKS i PTEMj; ekspertka Konferencji Rektor\u00f3w Akademickich Szk\u00f3\u0142 Polskich (KRASP) oraz cz\u0142onkini Sektorowej Rady do spraw Kompetencji Sektora Komunikacji Marketingowej. Jurorka presti\u017cowego konkursu \u201eZ\u0142ote Spinacze\u201d organizowanego przez ZFPR. Laureatka nagr\u00f3d bran\u017cowych PRoton oraz Lew PR. Zainteresowania badawcze: komunikacja strategiczna, zarz\u0105dzanie sytuacj\u0105 kryzysow\u0105<\/p>\n<\/div><\/div>\n\n\n\n<p><\/p>\n","protected":false},"excerpt":{"rendered":"<p>Szanowni Pa\u0144stwo, Drodzy Czytelnicy! Gdyby na pocz\u0105tku 2020 roku kto\u015b pr\u00f3bowa\u0142 przekona\u0107 nas do innej-nowej wizji \u015bwiata, z pewno\u015bci\u0105 spotka\u0142by si\u0119 z niezrozumieniem. Gdyby\u015bmy us\u0142yszeli, \u017ce w kilka dni zmienimy spos\u00f3b prywatnego i zawodowego funkcjonowania, spotkanie z drugim cz\u0142owiekiem b\u0119dzie opatrzone my\u015bl\u0105 \u201euwa\u017caj\u201d, a wyj\u015bcie do parku stanie si\u0119 namiastk\u0105 dawnego \u017cycia z poczuciem dobrze &hellip; <\/p>\n<p class=\"link-more\"><a href=\"https:\/\/ksim.sbp.pl\/index.php\/tom-i\/\" class=\"more-link\">Czytaj dalej<span class=\"screen-reader-text\"> Tom I. Medialno-spo\u0142eczny obraz COVID-19<\/span><\/a><\/p>\n","protected":false},"author":2,"featured_media":0,"parent":0,"menu_order":0,"comment_status":"closed","ping_status":"closed","template":"","meta":{"footnotes":""},"class_list":["post-6","page","type-page","status-publish","hentry"],"_links":{"self":[{"href":"https:\/\/ksim.sbp.pl\/index.php\/wp-json\/wp\/v2\/pages\/6","targetHints":{"allow":["GET"]}}],"collection":[{"href":"https:\/\/ksim.sbp.pl\/index.php\/wp-json\/wp\/v2\/pages"}],"about":[{"href":"https:\/\/ksim.sbp.pl\/index.php\/wp-json\/wp\/v2\/types\/page"}],"author":[{"embeddable":true,"href":"https:\/\/ksim.sbp.pl\/index.php\/wp-json\/wp\/v2\/users\/2"}],"replies":[{"embeddable":true,"href":"https:\/\/ksim.sbp.pl\/index.php\/wp-json\/wp\/v2\/comments?post=6"}],"version-history":[{"count":32,"href":"https:\/\/ksim.sbp.pl\/index.php\/wp-json\/wp\/v2\/pages\/6\/revisions"}],"predecessor-version":[{"id":413,"href":"https:\/\/ksim.sbp.pl\/index.php\/wp-json\/wp\/v2\/pages\/6\/revisions\/413"}],"wp:attachment":[{"href":"https:\/\/ksim.sbp.pl\/index.php\/wp-json\/wp\/v2\/media?parent=6"}],"curies":[{"name":"wp","href":"https:\/\/api.w.org\/{rel}","templated":true}]}}