{"id":98,"date":"2021-11-30T19:28:05","date_gmt":"2021-11-30T18:28:05","guid":{"rendered":"https:\/\/ksim.sbp.pl\/?page_id=98"},"modified":"2021-12-06T23:24:14","modified_gmt":"2021-12-06T22:24:14","slug":"zespol","status":"publish","type":"page","link":"https:\/\/ksim.sbp.pl\/index.php\/zespol\/","title":{"rendered":"Zesp\u00f3\u0142"},"content":{"rendered":"\n<p><strong>Komitet Redakcyjny i Rada Programowa serii<\/strong><\/p>\n\n\n\n<ul class=\"wp-block-list\"><li><a href=\"https:\/\/www.wdib.uw.edu.pl\/studia\/88-pracownicy\/samodzielni-pracownicy-naukowi-wdiib-uw\/363-prof-dr-hab-janusz-adamowski\">prof. dr hab. Janusz Adamowski<\/a> (WDIB UW, Uniwersytet Warszawski)<\/li><\/ul>\n\n\n\n<ul class=\"wp-block-list\"><li><a href=\"https:\/\/wsiz.edu.pl\/kadra-akademicka\/aadamski\/\">dr hab. Andrzej Adamski, prof. WSIiZ<\/a> (Wy\u017csza Szko\u0142a Informatyki i Zarz\u0105dzania w Rzeszowie)<\/li><\/ul>\n\n\n\n<ul class=\"wp-block-list\"><li><a href=\"https:\/\/www.wdib.uw.edu.pl\/pracownicy\/biogramy-i-dyzury\/88-pracownicy\/samodzielni-pracownicy-naukowi-wdiib-uw\/377-prof-dr-hab-robert-cieslak\">prof. dr hab. Robert Cie\u015blak<\/a> (WDIB UW, Uniwersytet Warszawski)<\/li><\/ul>\n\n\n\n<ul class=\"wp-block-list\"><li><a href=\"https:\/\/kdiks.ujk.edu.pl\/olga-dabrowska-cendrowska\/\">dr hab. Olga D\u0105browska-Cendrowska, prof. UJK<\/a> (Uniwersytet Jana Kochanowskiego w Kielcach)<\/li><\/ul>\n\n\n\n<ul class=\"wp-block-list\"><li><a href=\"https:\/\/media.uj.edu.pl\/agnieszka-hess\">dr hab. Agnieszka Hess, prof. UJ<\/a> (Uniwersytet Jagiello\u0144ski) <\/li><\/ul>\n\n\n\n<ul class=\"wp-block-list\"><li><a href=\"https:\/\/pracownik.kul.pl\/andrzej.kicinski\">ks. dr hab. Andrzej Kici\u0144ski, prof. KUL <\/a>(Katolicki Uniwersytet Lubelski Jana Paw\u0142a II) <\/li><\/ul>\n\n\n\n<ul class=\"wp-block-list\"><li><a href=\"https:\/\/www.umcs.pl\/pl\/addres-book-employee,17046,pl.html\">dr hab. Katarzyna Kopecka-Piech<\/a> (Uniwersytet Marii Curie-Sk\u0142odowskiej w Lublinie)<\/li><\/ul>\n\n\n\n<ul class=\"wp-block-list\"><li>p<a href=\"https:\/\/www.wdib.uw.edu.pl\/studia\/88-pracownicy\/samodzielni-pracownicy-naukowi-wdiib-uw\/367-prof-dr-hab-dariusz-kuzmina\">rof. dr hab. Dariusz Ku\u017amina<\/a> (WDIB UW, Uniwersytet Warszawski)\u00a0<\/li><\/ul>\n\n\n\n<ul class=\"wp-block-list\"><li><a href=\"https:\/\/wns.ug.edu.pl\/pracownik\/1810\/malgorzata_losiewicz\">dr hab. Ma\u0142gorzata \u0141osiewicz, prof. UG<\/a> (Uniwersytet Gda\u0144ski)<\/li><\/ul>\n\n\n\n<ul class=\"wp-block-list\"><li><a href=\"https:\/\/www.ism.uni.wroc.pl\/Profile-pracownikow\/Bartlomiej-Lodzki\">dr Bart\u0142omiej \u0141\u00f3dzki\u00a0<\/a> (Uniwersytet Wroc\u0142awski) <\/li><\/ul>\n\n\n\n<ul class=\"wp-block-list\"><li><a href=\"https:\/\/ue.poznan.pl\/pl\/uniwersytet,c13\/katedra-ekonomii-informacji,c2786\/pracownicy,c2794\/dr-hab-waldemar-rydzak-prof-uep,a45903.html\">dr hab. Waldemar Rydzak, prof. UEP<\/a> (Uniwersytet Ekonomiczny w Poznaniu)<\/li><\/ul>\n\n\n\n<ul class=\"wp-block-list\"><li><a href=\"https:\/\/dziennikarstwo.uni.wroc.pl\/instytut\/wykladowcy\/adam-szynol\/\">dr hab. Adam Szynol <\/a>(Uniwersytet Wroc\u0142awski) <\/li><\/ul>\n\n\n\n<hr class=\"wp-block-separator\"\/>\n\n\n\n<p><strong>Redakcja&nbsp;<\/strong><\/p>\n\n\n\n<ul class=\"wp-block-list\"><li>d<a href=\"https:\/\/www.wdib.uw.edu.pl\/pracownicy\/biogramy-i-dyzury\/88-pracownicy\/samodzielni-pracownicy-naukowi-wdiib-uw\/408-dr-hab-anna-jupowicz-ginalska\">r hab. Anna Jupowicz-Ginalska, prof. UW<\/a> (WDIB UW) \u2013 redaktor naczelna serii<\/li><\/ul>\n\n\n\n<ul class=\"wp-block-list\"><li><a href=\"http:\/\/www.monikakaczmarek-sliwinska.pl\">dr hab. Monika Kaczmarek-\u015aliwi\u0144ska<\/a> (WDIB UW) \u2013 redaktor naukowa tomu <\/li><\/ul>\n\n\n\n<ul class=\"wp-block-list\"><li>Maria Przastek-Samokowa \u2013 redakcja j\u0119zykowa serii w j\u0119zyku polskim<\/li><\/ul>\n\n\n\n<ul class=\"wp-block-list\"><li>Magdalena Szyma\u0144ska \u2013 redakcja j\u0119zykowa serii w j\u0119zyku angielskim<\/li><\/ul>\n\n\n\n<ul class=\"wp-block-list\"><li>Marta Lach (Wydawnictwo Naukowe i Edukacyjne SBP) \u2013 redaktor prowadz\u0105cy<\/li><\/ul>\n\n\n\n<ul class=\"wp-block-list\"><li>Ksenia <a href=\"https:\/\/www.linkedin.com\/in\/ksenia-wroblewska\/?originalSubdomain=pl\">Wr\u00f3blewska<\/a> (WDIB UW) \u2013 sekretarz serii\u00a0<\/li><\/ul>\n\n\n\n<hr class=\"wp-block-separator\"\/>\n\n\n\n<p><strong>Recenzent I tomu<\/strong><\/p>\n\n\n\n<p><a href=\"https:\/\/wsiz.edu.pl\/kadra-akademicka\/aadamski\/\">dr hab. Andrzej Adamski, prof. WSIiZ<\/a> (Wy\u017csza Szko\u0142a Informatyki i Zarz\u0105dzania w Rzeszowie)<\/p>\n\n\n\n<hr class=\"wp-block-separator\"\/>\n\n\n\n<p><strong>Recenzenci rozdzia\u0142\u00f3w &nbsp;<\/strong><\/p>\n\n\n\n<ul class=\"wp-block-list\"><li><a href=\"https:\/\/ue.poznan.pl\/pl\/uniwersytet,c13\/katedra-ekonomii-informacji,c2786\/pracownicy,c2794\/dr-hab-waldemar-rydzak-prof-uep,a45903.html\">dr hab. Waldemar Rydzak, prof. UEP<\/a> (Uniwersytet Ekonomiczny w Poznaniu)<\/li><\/ul>\n\n\n\n<ul class=\"wp-block-list\"><li><a href=\"https:\/\/centrumprasowe.dsw.edu.pl\/79446-komunikacja-nowomedialna-dr-hab-agnieszka-weglinska-prof-dsw\">dr hab. Agnieszka W\u0119gli\u0144ska prof. DSW<\/a> (Dolno\u015bl\u0105ska Szko\u0142a Wy\u017csza we Wroc\u0142awiu)<\/li><\/ul>\n\n\n\n<hr class=\"wp-block-separator\"\/>\n\n\n\n<p><strong>Projekt ok\u0142adki i \u0142amanie: <\/strong>Ewa Majewska<\/p>\n\n\n\n<hr class=\"wp-block-separator\"\/>\n\n\n\n<p><strong>Druk i oprawa: <\/strong>MAZOWIECKIE CENTRUM POLIGRAFII<\/p>\n\n\n\n<hr class=\"wp-block-separator\"\/>\n\n\n\n<p><strong>Opieka nad stron\u0105 WWW serii:<\/strong><\/p>\n\n\n\n<ul class=\"wp-block-list\"><li>Martyna Dudziak-Kisio (WDIB UW, Uniwersytet Warszawski)<\/li><li>Wojciech Dudziak<\/li><\/ul>\n\n\n\n<hr class=\"wp-block-separator\"\/>\n\n\n\n<p><strong>Autorstwo fotografii w I tomie\/na stronie www<\/strong><\/p>\n\n\n\n<p>M. Baran, T. Baran, P. Czarnowski, K. Hamer, K. Kaniasty, M. Kisilowska, M. Marchlewska,<\/p>\n\n\n\n<p>\u0141. Przybysz, \u0141. Szumi\u0144ski, K. Wr\u00f3blewska, M. \u017buchniewicz \u2013 fot. archiwum w\u0142asne; I. Hofman \u2013 fot. B. Proll, Biuro Prasowe UMCS; A. Jupowicz-Ginalska \u2013 fot. WDIB UW (ksia\u017cka) i Katarzyna Dziewanowska (www); M. Kaczmarek&#8211;\u015aliwi\u0144ska \u2013 fot. P. Furman; K. Sok\u00f3\u0142 \u2013 fot. A. P\u0142onka;<br>A. Waszkiewicz-Raviw \u2013 fot. P. Brzezi\u0144ski; K. Micu\u0142a, s. 106 \u2013 fot. K. Grygoruk (kolektyw RATS)<\/p>\n","protected":false},"excerpt":{"rendered":"<p>Komitet Redakcyjny i Rada Programowa serii prof. dr hab. Janusz Adamowski (WDIB UW, Uniwersytet Warszawski) dr hab. Andrzej Adamski, prof. WSIiZ (Wy\u017csza Szko\u0142a Informatyki i Zarz\u0105dzania w Rzeszowie) prof. dr hab. Robert Cie\u015blak (WDIB UW, Uniwersytet Warszawski) dr hab. Olga D\u0105browska-Cendrowska, prof. UJK (Uniwersytet Jana Kochanowskiego w Kielcach) dr hab. Agnieszka Hess, prof. UJ (Uniwersytet &hellip; <\/p>\n<p class=\"link-more\"><a href=\"https:\/\/ksim.sbp.pl\/index.php\/zespol\/\" class=\"more-link\">Czytaj dalej<span class=\"screen-reader-text\"> Zesp\u00f3\u0142<\/span><\/a><\/p>\n","protected":false},"author":2,"featured_media":0,"parent":0,"menu_order":0,"comment_status":"closed","ping_status":"closed","template":"","meta":{"footnotes":""},"class_list":["post-98","page","type-page","status-publish","hentry"],"_links":{"self":[{"href":"https:\/\/ksim.sbp.pl\/index.php\/wp-json\/wp\/v2\/pages\/98","targetHints":{"allow":["GET"]}}],"collection":[{"href":"https:\/\/ksim.sbp.pl\/index.php\/wp-json\/wp\/v2\/pages"}],"about":[{"href":"https:\/\/ksim.sbp.pl\/index.php\/wp-json\/wp\/v2\/types\/page"}],"author":[{"embeddable":true,"href":"https:\/\/ksim.sbp.pl\/index.php\/wp-json\/wp\/v2\/users\/2"}],"replies":[{"embeddable":true,"href":"https:\/\/ksim.sbp.pl\/index.php\/wp-json\/wp\/v2\/comments?post=98"}],"version-history":[{"count":4,"href":"https:\/\/ksim.sbp.pl\/index.php\/wp-json\/wp\/v2\/pages\/98\/revisions"}],"predecessor-version":[{"id":411,"href":"https:\/\/ksim.sbp.pl\/index.php\/wp-json\/wp\/v2\/pages\/98\/revisions\/411"}],"wp:attachment":[{"href":"https:\/\/ksim.sbp.pl\/index.php\/wp-json\/wp\/v2\/media?parent=98"}],"curies":[{"name":"wp","href":"https:\/\/api.w.org\/{rel}","templated":true}]}}